{"id":14,"date":"2024-03-08T21:35:32","date_gmt":"2024-03-08T20:35:32","guid":{"rendered":"https:\/\/minogou.com\/?page_id=14"},"modified":"2025-09-19T20:30:23","modified_gmt":"2025-09-19T18:30:23","slug":"mino-peintre-et-sculpteur","status":"publish","type":"page","link":"https:\/\/minogou.com\/","title":{"rendered":"MINO"},"content":{"rendered":"\t\t<div data-elementor-type=\"wp-page\" data-elementor-id=\"14\" class=\"elementor elementor-14\">\n\t\t\t\t<div class=\"elementor-element elementor-element-f282d94 e-flex e-con-boxed e-con e-parent\" data-id=\"f282d94\" data-element_type=\"container\" data-e-type=\"container\">\n\t\t\t\t\t<div class=\"e-con-inner\">\n\t\t\t\t<div class=\"elementor-element elementor-element-016eca1 elementor-widget elementor-widget-spacer\" data-id=\"016eca1\" data-element_type=\"widget\" data-e-type=\"widget\" data-widget_type=\"spacer.default\">\n\t\t\t\t<div class=\"elementor-widget-container\">\n\t\t\t\t\t\t\t<div class=\"elementor-spacer\">\n\t\t\t<div class=\"elementor-spacer-inner\"><\/div>\n\t\t<\/div>\n\t\t\t\t\t\t<\/div>\n\t\t\t\t<\/div>\n\t\t\t\t\t<\/div>\n\t\t\t\t<\/div>\n\t\t<div class=\"elementor-element elementor-element-a8bc9f9 e-con-full e-flex e-con e-parent\" data-id=\"a8bc9f9\" data-element_type=\"container\" data-e-type=\"container\">\n\t\t\t\t<div class=\"elementor-element elementor-element-534ceaa elementor-widget elementor-widget-image\" data-id=\"534ceaa\" data-element_type=\"widget\" data-e-type=\"widget\" data-widget_type=\"image.default\">\n\t\t\t\t<div class=\"elementor-widget-container\">\n\t\t\t\t\t\t\t\t\t\t\t\t<figure class=\"wp-caption\">\n\t\t\t\t\t\t\t\t\t\t<img fetchpriority=\"high\" decoding=\"async\" width=\"736\" height=\"1024\" src=\"https:\/\/minogou.com\/wp-content\/uploads\/2024\/04\/20230425_1633311-736x1024.jpg\" class=\"attachment-large size-large wp-image-265\" alt=\"MINO peintre et sculpteur\" srcset=\"https:\/\/minogou.com\/wp-content\/uploads\/2024\/04\/20230425_1633311-736x1024.jpg 736w, https:\/\/minogou.com\/wp-content\/uploads\/2024\/04\/20230425_1633311-216x300.jpg 216w, https:\/\/minogou.com\/wp-content\/uploads\/2024\/04\/20230425_1633311-2000x2783.jpg 2000w, https:\/\/minogou.com\/wp-content\/uploads\/2024\/04\/20230425_1633311-scaled-1104x1536.jpg 1104w, https:\/\/minogou.com\/wp-content\/uploads\/2024\/04\/20230425_1633311-scaled-1472x2048.jpg 1472w, https:\/\/minogou.com\/wp-content\/uploads\/2024\/04\/20230425_1633311-scaled.jpg 1840w\" sizes=\"(max-width: 736px) 100vw, 736px\" \/>\t\t\t\t\t\t\t\t\t\t\t<figcaption class=\"widget-image-caption wp-caption-text\">\"En piste\"    2012<\/figcaption>\n\t\t\t\t\t\t\t\t\t\t<\/figure>\n\t\t\t\t\t\t\t\t\t<\/div>\n\t\t\t\t<\/div>\n\t\t\t\t<div class=\"elementor-element elementor-element-46f53d2 elementor-widget elementor-widget-spacer\" data-id=\"46f53d2\" data-element_type=\"widget\" data-e-type=\"widget\" data-widget_type=\"spacer.default\">\n\t\t\t\t<div class=\"elementor-widget-container\">\n\t\t\t\t\t\t\t<div class=\"elementor-spacer\">\n\t\t\t<div class=\"elementor-spacer-inner\"><\/div>\n\t\t<\/div>\n\t\t\t\t\t\t<\/div>\n\t\t\t\t<\/div>\n\t\t\t\t<\/div>\n\t\t<div class=\"elementor-element elementor-element-3b433d2 e-flex e-con-boxed e-con e-parent\" data-id=\"3b433d2\" data-element_type=\"container\" data-e-type=\"container\">\n\t\t\t\t\t<div class=\"e-con-inner\">\n\t\t\t\t<div class=\"elementor-element elementor-element-1078354 elementor-widget elementor-widget-text-editor\" data-id=\"1078354\" data-element_type=\"widget\" data-e-type=\"widget\" data-widget_type=\"text-editor.default\">\n\t\t\t\t<div class=\"elementor-widget-container\">\n\t\t\t\t\t\t\t\t\t<p>MINO<br \/>N\u00e9e \u00e0 Paris en 1955 <br \/>Travaille \u00e0 Paris, en Limousin et en Bretagne.<\/p><p><strong>\u00a0 \u00a0 \u00a0 \u00a0 \u00a0 \u00a0 \u00a0 \u00a0D<\/strong>&#8216;essence anthropomorphique, v\u00e9g\u00e9tale ou animale, r\u00e9alis\u00e9e selon des techniques et \u00e0 partir de mat\u00e9riaux divers: bronze, b\u00e9ton et pierre, pl\u00e2tre, papier m\u00e2ch\u00e9, sa sculpture en ronde bosse, \u00e9voque la nature, les \u00e9l\u00e9ments et le cosmos ; parall\u00e8lement, ses bas-reliefs sugg\u00e8rent des sc\u00e8nes mythologiques ou des mondes oniriques.<\/p><p>Longtemps inspir\u00e9e par les th\u00e8mes du cirque et de la mythologie, la peinture de Mino a \u00e9volu\u00e9 vers une abstraction, puis, \u00e0 travers une technique associant des \u00e9l\u00e9ments vari\u00e9s dont le textile, elle r\u00e9alise sur toile un ensemble de &#8220;peinture-cousues&#8221; o\u00f9 l&#8217;on retrouve ces m\u00eames th\u00e8mes.<\/p><p>La peinture et la sculpture de Mino trouvent parall\u00e8lement leur place \u00e0 travers des \u0153uvres monumentales li\u00e9es \u00e0 l\u2019architecture.<\/p><h3><span style=\"color: #000000;\">R\u00e9alis\u00e9<\/span><\/h3><ul><li><span style=\"color: #000000;\">2025\u00a0 Don d&#8217;une sculpture en bronze &#8220;la Sibylle&#8221; \u00e0 la Ville de Pornichet (Loire Atlantique) pour la dune du port<\/span><\/li><\/ul>\t\t\t\t\t\t\t\t<\/div>\n\t\t\t\t<\/div>\n\t\t\t\t<div class=\"elementor-element elementor-element-f96df93 elementor-widget elementor-widget-spacer\" data-id=\"f96df93\" data-element_type=\"widget\" data-e-type=\"widget\" data-widget_type=\"spacer.default\">\n\t\t\t\t<div class=\"elementor-widget-container\">\n\t\t\t\t\t\t\t<div class=\"elementor-spacer\">\n\t\t\t<div class=\"elementor-spacer-inner\"><\/div>\n\t\t<\/div>\n\t\t\t\t\t\t<\/div>\n\t\t\t\t<\/div>\n\t\t\t\t<div class=\"elementor-element elementor-element-f70ee48 elementor-widget elementor-widget-text-editor\" data-id=\"f70ee48\" data-element_type=\"widget\" data-e-type=\"widget\" data-widget_type=\"text-editor.default\">\n\t\t\t\t<div class=\"elementor-widget-container\">\n\t\t\t\t\t\t\t\t\t<ul>\n<li>1974-75 Etudie le dessin \u00e0 l&#8217;Atelier \u00c9tienne Martin<\/li>\n<li>1983 Dipl\u00f4m\u00e9e de L&#8217;Ecole Camondo<\/li>\n<li>1986 Commande d&#8217;une peinture pour le Hall d&#8217;entr\u00e9e du Minist\u00e8re de la Culture, rue de Valois, Paris 1&#8242; (*)<\/li>\n<li>1988 Laur\u00e9ate du Concours Murs Pignons de la Ville de Paris<\/li>\n<li>1991 Commande d&#8217;une peinture pour le plafond du salon d&#8217;honneur du Centre National du Livre, rue de Verneuil, Paris 7&#8242; (*)<\/li>\n<li>1992 Commande d&#8217;un bas-relief pour le Hall d&#8217;entr\u00e9e du Centre National du Livre, rue de Verneuil, Paris 7 (*)<\/li>\n<li>1992 Laur\u00e9ate du Concours de la Casa Velazquez, s\u00e9jour en Espagne (1992-1994)<\/li>\n<li>1994 Prix de peinture G.Wildenstein<\/li>\n<\/ul>\n<p>(*) en coordination avec l&#8217;Atelier d&#8217;Architecture Canal<\/p>\t\t\t\t\t\t\t\t<\/div>\n\t\t\t\t<\/div>\n\t\t\t\t<div class=\"elementor-element elementor-element-c32f4a4 elementor-widget elementor-widget-spacer\" data-id=\"c32f4a4\" data-element_type=\"widget\" data-e-type=\"widget\" data-widget_type=\"spacer.default\">\n\t\t\t\t<div class=\"elementor-widget-container\">\n\t\t\t\t\t\t\t<div class=\"elementor-spacer\">\n\t\t\t<div class=\"elementor-spacer-inner\"><\/div>\n\t\t<\/div>\n\t\t\t\t\t\t<\/div>\n\t\t\t\t<\/div>\n\t\t\t\t\t<\/div>\n\t\t\t\t<\/div>\n\t\t\t\t<\/div>\n\t\t","protected":false},"excerpt":{"rendered":"<p>&#8220;En piste&#8221; 2012 MINON\u00e9e \u00e0 Paris en 1955 Travaille \u00e0 Paris, en Limousin et en Bretagne. \u00a0 \u00a0 \u00a0 \u00a0 \u00a0 \u00a0 \u00a0 \u00a0D&#8216;essence anthropomorphique, v\u00e9g\u00e9tale ou animale, r\u00e9alis\u00e9e selon des techniques et \u00e0 partir de mat\u00e9riaux divers: bronze, b\u00e9ton et pierre, pl\u00e2tre, papier m\u00e2ch\u00e9, sa sculpture en ronde bosse, \u00e9voque la nature, les \u00e9l\u00e9ments&hellip;&nbsp;<a href=\"https:\/\/minogou.com\/\" rel=\"bookmark\"><span class=\"screen-reader-text\">MINO<\/span><\/a><\/p>\n","protected":false},"author":1,"featured_media":0,"parent":0,"menu_order":0,"comment_status":"closed","ping_status":"closed","template":"","meta":{"neve_meta_sidebar":"","neve_meta_container":"","neve_meta_enable_content_width":"","neve_meta_content_width":0,"neve_meta_title_alignment":"","neve_meta_author_avatar":"","neve_post_elements_order":"","neve_meta_disable_header":"","neve_meta_disable_footer":"","neve_meta_disable_title":"","footnotes":""},"class_list":["post-14","page","type-page","status-publish","hentry"],"yoast_head":"<!-- This site is optimized with the Yoast SEO plugin v27.5 - https:\/\/yoast.com\/product\/yoast-seo-wordpress\/ -->\n<title>MINO peintre &amp; sculpteur<\/title>\n<meta name=\"description\" content=\"MINO, peintre et sculpteur depuis 1983. Dipl\u00f4m\u00e9e de L\u2019Ecole Camondo en 1983. Laur\u00e9ate du Concours du Mur peint de la Ville de Paris en 1988\" \/>\n<meta name=\"robots\" content=\"index, follow, max-snippet:-1, max-image-preview:large, max-video-preview:-1\" \/>\n<link rel=\"canonical\" href=\"https:\/\/minogou.com\/\" \/>\n<meta property=\"og:locale\" content=\"en_US\" \/>\n<meta property=\"og:type\" content=\"article\" \/>\n<meta property=\"og:title\" content=\"MINO peintre &amp; sculpteur\" \/>\n<meta property=\"og:description\" content=\"MINO, peintre et sculpteur depuis 1983. Dipl\u00f4m\u00e9e de L\u2019Ecole Camondo en 1983. Laur\u00e9ate du Concours du Mur peint de la Ville de Paris en 1988\" \/>\n<meta property=\"og:url\" content=\"https:\/\/minogou.com\/\" \/>\n<meta property=\"og:site_name\" content=\"MINO peintre &amp; sculpteur\" \/>\n<meta property=\"article:modified_time\" content=\"2025-09-19T18:30:23+00:00\" \/>\n<meta property=\"og:image\" content=\"https:\/\/minogou.com\/wp-content\/uploads\/2024\/04\/20230425_1633311-scaled.jpg\" \/>\n\t<meta property=\"og:image:width\" content=\"1840\" \/>\n\t<meta property=\"og:image:height\" content=\"2560\" \/>\n\t<meta property=\"og:image:type\" content=\"image\/jpeg\" \/>\n<meta name=\"twitter:card\" content=\"summary_large_image\" \/>\n<meta name=\"twitter:label1\" content=\"Est. reading time\" \/>\n\t<meta name=\"twitter:data1\" content=\"2 minutes\" \/>\n<script type=\"application\/ld+json\" class=\"yoast-schema-graph\">{\"@context\":\"https:\\\/\\\/schema.org\",\"@graph\":[{\"@type\":\"WebPage\",\"@id\":\"https:\\\/\\\/minogou.com\\\/\",\"url\":\"https:\\\/\\\/minogou.com\\\/\",\"name\":\"MINO peintre &amp; sculpteur\",\"isPartOf\":{\"@id\":\"https:\\\/\\\/minogou.com\\\/#website\"},\"primaryImageOfPage\":{\"@id\":\"https:\\\/\\\/minogou.com\\\/#primaryimage\"},\"image\":{\"@id\":\"https:\\\/\\\/minogou.com\\\/#primaryimage\"},\"thumbnailUrl\":\"https:\\\/\\\/minogou.com\\\/wp-content\\\/uploads\\\/2024\\\/04\\\/20230425_1633311-736x1024.jpg\",\"datePublished\":\"2024-03-08T20:35:32+00:00\",\"dateModified\":\"2025-09-19T18:30:23+00:00\",\"description\":\"MINO, peintre et sculpteur depuis 1983. Dipl\u00f4m\u00e9e de L\u2019Ecole Camondo en 1983. Laur\u00e9ate du Concours du Mur peint de la Ville de Paris en 1988\",\"breadcrumb\":{\"@id\":\"https:\\\/\\\/minogou.com\\\/#breadcrumb\"},\"inLanguage\":\"en-US\",\"potentialAction\":[{\"@type\":\"ReadAction\",\"target\":[\"https:\\\/\\\/minogou.com\\\/\"]}]},{\"@type\":\"ImageObject\",\"inLanguage\":\"en-US\",\"@id\":\"https:\\\/\\\/minogou.com\\\/#primaryimage\",\"url\":\"https:\\\/\\\/minogou.com\\\/wp-content\\\/uploads\\\/2024\\\/04\\\/20230425_1633311-scaled.jpg\",\"contentUrl\":\"https:\\\/\\\/minogou.com\\\/wp-content\\\/uploads\\\/2024\\\/04\\\/20230425_1633311-scaled.jpg\",\"width\":1840,\"height\":2560,\"caption\":\"MINO peintre et sculpteur\"},{\"@type\":\"BreadcrumbList\",\"@id\":\"https:\\\/\\\/minogou.com\\\/#breadcrumb\",\"itemListElement\":[{\"@type\":\"ListItem\",\"position\":1,\"name\":\"Accueil\",\"item\":\"https:\\\/\\\/minogou.com\\\/\"},{\"@type\":\"ListItem\",\"position\":2,\"name\":\"MINO\"}]},{\"@type\":\"WebSite\",\"@id\":\"https:\\\/\\\/minogou.com\\\/#website\",\"url\":\"https:\\\/\\\/minogou.com\\\/\",\"name\":\"MINO peintre &amp; sculpteur\",\"description\":\"\",\"potentialAction\":[{\"@type\":\"SearchAction\",\"target\":{\"@type\":\"EntryPoint\",\"urlTemplate\":\"https:\\\/\\\/minogou.com\\\/?s={search_term_string}\"},\"query-input\":{\"@type\":\"PropertyValueSpecification\",\"valueRequired\":true,\"valueName\":\"search_term_string\"}}],\"inLanguage\":\"en-US\"}]}<\/script>\n<!-- \/ Yoast SEO plugin. -->","yoast_head_json":{"title":"MINO peintre &amp; sculpteur","description":"MINO, peintre et sculpteur depuis 1983. Dipl\u00f4m\u00e9e de L\u2019Ecole Camondo en 1983. Laur\u00e9ate du Concours du Mur peint de la Ville de Paris en 1988","robots":{"index":"index","follow":"follow","max-snippet":"max-snippet:-1","max-image-preview":"max-image-preview:large","max-video-preview":"max-video-preview:-1"},"canonical":"https:\/\/minogou.com\/","og_locale":"en_US","og_type":"article","og_title":"MINO peintre &amp; sculpteur","og_description":"MINO, peintre et sculpteur depuis 1983. Dipl\u00f4m\u00e9e de L\u2019Ecole Camondo en 1983. Laur\u00e9ate du Concours du Mur peint de la Ville de Paris en 1988","og_url":"https:\/\/minogou.com\/","og_site_name":"MINO peintre &amp; sculpteur","article_modified_time":"2025-09-19T18:30:23+00:00","og_image":[{"width":1840,"height":2560,"url":"https:\/\/minogou.com\/wp-content\/uploads\/2024\/04\/20230425_1633311-scaled.jpg","type":"image\/jpeg"}],"twitter_card":"summary_large_image","twitter_misc":{"Est. reading time":"2 minutes"},"schema":{"@context":"https:\/\/schema.org","@graph":[{"@type":"WebPage","@id":"https:\/\/minogou.com\/","url":"https:\/\/minogou.com\/","name":"MINO peintre &amp; sculpteur","isPartOf":{"@id":"https:\/\/minogou.com\/#website"},"primaryImageOfPage":{"@id":"https:\/\/minogou.com\/#primaryimage"},"image":{"@id":"https:\/\/minogou.com\/#primaryimage"},"thumbnailUrl":"https:\/\/minogou.com\/wp-content\/uploads\/2024\/04\/20230425_1633311-736x1024.jpg","datePublished":"2024-03-08T20:35:32+00:00","dateModified":"2025-09-19T18:30:23+00:00","description":"MINO, peintre et sculpteur depuis 1983. Dipl\u00f4m\u00e9e de L\u2019Ecole Camondo en 1983. Laur\u00e9ate du Concours du Mur peint de la Ville de Paris en 1988","breadcrumb":{"@id":"https:\/\/minogou.com\/#breadcrumb"},"inLanguage":"en-US","potentialAction":[{"@type":"ReadAction","target":["https:\/\/minogou.com\/"]}]},{"@type":"ImageObject","inLanguage":"en-US","@id":"https:\/\/minogou.com\/#primaryimage","url":"https:\/\/minogou.com\/wp-content\/uploads\/2024\/04\/20230425_1633311-scaled.jpg","contentUrl":"https:\/\/minogou.com\/wp-content\/uploads\/2024\/04\/20230425_1633311-scaled.jpg","width":1840,"height":2560,"caption":"MINO peintre et sculpteur"},{"@type":"BreadcrumbList","@id":"https:\/\/minogou.com\/#breadcrumb","itemListElement":[{"@type":"ListItem","position":1,"name":"Accueil","item":"https:\/\/minogou.com\/"},{"@type":"ListItem","position":2,"name":"MINO"}]},{"@type":"WebSite","@id":"https:\/\/minogou.com\/#website","url":"https:\/\/minogou.com\/","name":"MINO peintre &amp; sculpteur","description":"","potentialAction":[{"@type":"SearchAction","target":{"@type":"EntryPoint","urlTemplate":"https:\/\/minogou.com\/?s={search_term_string}"},"query-input":{"@type":"PropertyValueSpecification","valueRequired":true,"valueName":"search_term_string"}}],"inLanguage":"en-US"}]}},"_links":{"self":[{"href":"https:\/\/minogou.com\/index.php\/wp-json\/wp\/v2\/pages\/14","targetHints":{"allow":["GET"]}}],"collection":[{"href":"https:\/\/minogou.com\/index.php\/wp-json\/wp\/v2\/pages"}],"about":[{"href":"https:\/\/minogou.com\/index.php\/wp-json\/wp\/v2\/types\/page"}],"author":[{"embeddable":true,"href":"https:\/\/minogou.com\/index.php\/wp-json\/wp\/v2\/users\/1"}],"replies":[{"embeddable":true,"href":"https:\/\/minogou.com\/index.php\/wp-json\/wp\/v2\/comments?post=14"}],"version-history":[{"count":115,"href":"https:\/\/minogou.com\/index.php\/wp-json\/wp\/v2\/pages\/14\/revisions"}],"predecessor-version":[{"id":1736,"href":"https:\/\/minogou.com\/index.php\/wp-json\/wp\/v2\/pages\/14\/revisions\/1736"}],"wp:attachment":[{"href":"https:\/\/minogou.com\/index.php\/wp-json\/wp\/v2\/media?parent=14"}],"curies":[{"name":"wp","href":"https:\/\/api.w.org\/{rel}","templated":true}]}}