{"id":192,"date":"2024-04-17T13:25:51","date_gmt":"2024-04-17T11:25:51","guid":{"rendered":"https:\/\/minogou.com\/?page_id=192"},"modified":"2024-06-15T18:06:40","modified_gmt":"2024-06-15T16:06:40","slug":"oeuvres-monumentales","status":"publish","type":"page","link":"https:\/\/minogou.com\/index.php\/oeuvres-monumentales\/","title":{"rendered":"Commandes"},"content":{"rendered":"\t\t<div data-elementor-type=\"wp-page\" data-elementor-id=\"192\" class=\"elementor elementor-192\">\n\t\t\t\t<div class=\"elementor-element elementor-element-440d7f0 e-flex e-con-boxed e-con e-parent\" data-id=\"440d7f0\" data-element_type=\"container\" data-e-type=\"container\">\n\t\t\t\t\t<div class=\"e-con-inner\">\n\t\t<div class=\"elementor-element elementor-element-dec340e e-flex e-con-boxed e-con e-child\" data-id=\"dec340e\" data-element_type=\"container\" data-e-type=\"container\">\n\t\t\t\t\t<div class=\"e-con-inner\">\n\t\t\t\t<div class=\"elementor-element elementor-element-5e0fe75 elementor-widget elementor-widget-image\" data-id=\"5e0fe75\" data-element_type=\"widget\" data-e-type=\"widget\" data-widget_type=\"image.default\">\n\t\t\t\t<div class=\"elementor-widget-container\">\n\t\t\t\t\t\t\t\t\t\t\t\t\t\t\t<img fetchpriority=\"high\" decoding=\"async\" width=\"649\" height=\"432\" src=\"https:\/\/minogou.com\/wp-content\/uploads\/2024\/04\/mur_peint_Paris_Rue_de_Reuilly_001.jpg\" class=\"attachment-large size-large wp-image-205\" alt=\"\u0152uvres monumentales\" srcset=\"https:\/\/minogou.com\/wp-content\/uploads\/2024\/04\/mur_peint_Paris_Rue_de_Reuilly_001.jpg 649w, https:\/\/minogou.com\/wp-content\/uploads\/2024\/04\/mur_peint_Paris_Rue_de_Reuilly_001-300x200.jpg 300w\" sizes=\"(max-width: 649px) 100vw, 649px\" \/>\t\t\t\t\t\t\t\t\t\t\t\t\t\t\t<\/div>\n\t\t\t\t<\/div>\n\t\t\t\t<div class=\"elementor-element elementor-element-a45e707 elementor-widget elementor-widget-text-editor\" data-id=\"a45e707\" data-element_type=\"widget\" data-e-type=\"widget\" data-widget_type=\"text-editor.default\">\n\t\t\t\t<div class=\"elementor-widget-container\">\n\t\t\t\t\t\t\t\t\t<p style=\"text-align: center;\"><em>Peinture et p\u00e2te de verre<\/em><\/p><p style=\"text-align: center;\"><em>Concours ville de Paris 1988<\/em><\/p><p style=\"text-align: center;\"><em>Rue de Reuilly, Paris XII<\/em><\/p>\t\t\t\t\t\t\t\t<\/div>\n\t\t\t\t<\/div>\n\t\t\t\t\t<\/div>\n\t\t\t\t<\/div>\n\t\t\t\t<div class=\"elementor-element elementor-element-1450f87 elementor-widget elementor-widget-spacer\" data-id=\"1450f87\" data-element_type=\"widget\" data-e-type=\"widget\" data-widget_type=\"spacer.default\">\n\t\t\t\t<div class=\"elementor-widget-container\">\n\t\t\t\t\t\t\t<div class=\"elementor-spacer\">\n\t\t\t<div class=\"elementor-spacer-inner\"><\/div>\n\t\t<\/div>\n\t\t\t\t\t\t<\/div>\n\t\t\t\t<\/div>\n\t\t\t\t<div class=\"elementor-element elementor-element-14c5c05 elementor-widget elementor-widget-text-editor\" data-id=\"14c5c05\" data-element_type=\"widget\" data-e-type=\"widget\" data-widget_type=\"text-editor.default\">\n\t\t\t\t<div class=\"elementor-widget-container\">\n\t\t\t\t\t\t\t\t\t<ul><li>1978-80 D\u00e9cors pour le Cirque de Paris<\/li><li>1985 Peintures, SAD &#8220;Style 85&#8221;, Grand Palais, Paris VIII<\/li><li>1985-87 11 peintures pour le restaurant &#8220;Les Lyonnais&#8221;, rue de Richelieu, Paris II<\/li><li>1986-92 Peintures pour la Maison de couture Jacqueline P\u00e8res, rue de Castiglione, Paris I<\/li><li>1985-86 Peintures pour Guerlain-Les Menuls, Yvelines<\/li><li><a href=\"https:\/\/minogou.com\/index.php\/galerie-des-oeuvres-monumentales\/\"><strong>1986<\/strong> Peinture pour le Hall d&#8217;entr\u00e9e du Minist\u00e8re de la Culture, rue de Valois, Paris I (**)<\/a><\/li><li><strong>1988-90<\/strong> <a href=\"https:\/\/minogou.com\/index.php\/galerie-des-oeuvres-monumentales\/\">Peinture pour les Murs pignons, rue de Reuilly, Paris XIl, Direction de l&#8217;Am\u00e9nagement de la Ville de Paris<\/a> ( Laur\u00e9ate du Concours)<\/li><li>1989 Peintures pour Takashimaya, Tokyo, Japon<\/li><li>1990 Peintures pour Takashimaya, Royal Duck Hotel, Kyoto, Japon<\/li><li>1990 Peintures pour le hall d&#8217;entr\u00e9e de McCan Erickson, Levallois Peret<\/li><li><a href=\"https:\/\/minogou.com\/index.php\/galerie-des-oeuvres-monumentales\/\"><strong>1991<\/strong> Peinture pour le plafond du salon d&#8217;honneur, Centre National du Livre, rue de Verneuil, Paris VII (*)(**)<\/a><\/li><li><a href=\"https:\/\/minogou.com\/index.php\/galerie-des-oeuvres-monumentales\/\"><strong>1992<\/strong> Bas-relief pour le hall d&#8217;entr\u00e9e, Centre National du Livre, rue de Verneuil, Paris VII (**)<\/a><\/li><li><a href=\"https:\/\/minogou.com\/index.php\/galerie-des-oeuvres-monumentales\/\">1992-93 Peinture pour le plafond du salon de r\u00e9ception du Groupe de presse TS, rue d&#8217;Artois, Paris VIII<\/a>,\u00a0<\/li><li><a href=\"https:\/\/minogou.com\/index.php\/galerie-des-oeuvres-monumentales\/\">1997 Peinture, triptyque pour UAP-SGS, Boulogne Billancourt, Ile-de-France<\/a><\/li><li>1998 Laur\u00e9ate avec l&#8217;architecte Ewa Struzynska du Concours de r\u00e9fection de la Tour Franklin, la D\u00e9fense, Ile de France, Peinture pour la colonnade ext\u00e9rieure (***)<\/li><li><a href=\"https:\/\/minogou.com\/index.php\/galerie-des-oeuvres-monumentales\/\">2006 Sculpture bronze pour un toit terrasse, Clamart, Hauts de Seine<\/a><\/li><li>2009 Peinture pour un patio, Sa Riera, Catalogne<\/li><\/ul><p><strong>Commandes publiques<\/strong><\/p><p>(*) vid\u00e9o du 20 septembre 2022, &#8221; visite du CNL&#8221;, par Emeline Massacret<br \/>(**) En coordination avec l&#8217;Atelier d&#8217;Architecture Canal<br \/>(***) projet non r\u00e9alis\u00e9<\/p>\t\t\t\t\t\t\t\t<\/div>\n\t\t\t\t<\/div>\n\t\t\t\t\t<\/div>\n\t\t\t\t<\/div>\n\t\t\t\t<\/div>\n\t\t","protected":false},"excerpt":{"rendered":"<p>Peinture et p\u00e2te de verre Concours ville de Paris 1988 Rue de Reuilly, Paris XII 1978-80 D\u00e9cors pour le Cirque de Paris 1985 Peintures, SAD &#8220;Style 85&#8221;, Grand Palais, Paris VIII 1985-87 11 peintures pour le restaurant &#8220;Les Lyonnais&#8221;, rue de Richelieu, Paris II 1986-92 Peintures pour la Maison de couture Jacqueline P\u00e8res, rue de&hellip;&nbsp;<a href=\"https:\/\/minogou.com\/index.php\/oeuvres-monumentales\/\" rel=\"bookmark\"><span class=\"screen-reader-text\">Commandes<\/span><\/a><\/p>\n","protected":false},"author":1,"featured_media":0,"parent":0,"menu_order":0,"comment_status":"closed","ping_status":"closed","template":"","meta":{"neve_meta_sidebar":"","neve_meta_container":"","neve_meta_enable_content_width":"","neve_meta_content_width":0,"neve_meta_title_alignment":"","neve_meta_author_avatar":"","neve_post_elements_order":"","neve_meta_disable_header":"","neve_meta_disable_footer":"","neve_meta_disable_title":"","footnotes":""},"class_list":["post-192","page","type-page","status-publish","hentry"],"yoast_head":"<!-- This site is optimized with the Yoast SEO plugin v27.5 - https:\/\/yoast.com\/product\/yoast-seo-wordpress\/ -->\n<title>Commandes - MINO peintre &amp; sculpteur<\/title>\n<meta name=\"robots\" content=\"index, follow, max-snippet:-1, max-image-preview:large, max-video-preview:-1\" \/>\n<link rel=\"canonical\" href=\"https:\/\/minogou.com\/index.php\/oeuvres-monumentales\/\" \/>\n<meta property=\"og:locale\" content=\"en_US\" \/>\n<meta property=\"og:type\" content=\"article\" \/>\n<meta property=\"og:title\" content=\"Commandes - MINO peintre &amp; sculpteur\" \/>\n<meta property=\"og:description\" content=\"Peinture et p\u00e2te de verre Concours ville de Paris 1988 Rue de Reuilly, Paris XII 1978-80 D\u00e9cors pour le Cirque de Paris 1985 Peintures, SAD &#8220;Style 85&#8221;, Grand Palais, Paris VIII 1985-87 11 peintures pour le restaurant &#8220;Les Lyonnais&#8221;, rue de Richelieu, Paris II 1986-92 Peintures pour la Maison de couture Jacqueline P\u00e8res, rue de&hellip;&nbsp;Commandes\" \/>\n<meta property=\"og:url\" content=\"https:\/\/minogou.com\/index.php\/oeuvres-monumentales\/\" \/>\n<meta property=\"og:site_name\" content=\"MINO peintre &amp; sculpteur\" \/>\n<meta property=\"article:modified_time\" content=\"2024-06-15T16:06:40+00:00\" \/>\n<meta property=\"og:image\" content=\"https:\/\/minogou.com\/wp-content\/uploads\/2024\/04\/mur_peint_Paris_Rue_de_Reuilly_001.jpg\" \/>\n<meta name=\"twitter:card\" content=\"summary_large_image\" \/>\n<meta name=\"twitter:label1\" content=\"Est. reading time\" \/>\n\t<meta name=\"twitter:data1\" content=\"2 minutes\" \/>\n<script type=\"application\/ld+json\" class=\"yoast-schema-graph\">{\"@context\":\"https:\\\/\\\/schema.org\",\"@graph\":[{\"@type\":\"WebPage\",\"@id\":\"https:\\\/\\\/minogou.com\\\/index.php\\\/oeuvres-monumentales\\\/\",\"url\":\"https:\\\/\\\/minogou.com\\\/index.php\\\/oeuvres-monumentales\\\/\",\"name\":\"Commandes - MINO peintre &amp; sculpteur\",\"isPartOf\":{\"@id\":\"https:\\\/\\\/minogou.com\\\/#website\"},\"primaryImageOfPage\":{\"@id\":\"https:\\\/\\\/minogou.com\\\/index.php\\\/oeuvres-monumentales\\\/#primaryimage\"},\"image\":{\"@id\":\"https:\\\/\\\/minogou.com\\\/index.php\\\/oeuvres-monumentales\\\/#primaryimage\"},\"thumbnailUrl\":\"https:\\\/\\\/minogou.com\\\/wp-content\\\/uploads\\\/2024\\\/04\\\/mur_peint_Paris_Rue_de_Reuilly_001.jpg\",\"datePublished\":\"2024-04-17T11:25:51+00:00\",\"dateModified\":\"2024-06-15T16:06:40+00:00\",\"breadcrumb\":{\"@id\":\"https:\\\/\\\/minogou.com\\\/index.php\\\/oeuvres-monumentales\\\/#breadcrumb\"},\"inLanguage\":\"en-US\",\"potentialAction\":[{\"@type\":\"ReadAction\",\"target\":[\"https:\\\/\\\/minogou.com\\\/index.php\\\/oeuvres-monumentales\\\/\"]}]},{\"@type\":\"ImageObject\",\"inLanguage\":\"en-US\",\"@id\":\"https:\\\/\\\/minogou.com\\\/index.php\\\/oeuvres-monumentales\\\/#primaryimage\",\"url\":\"https:\\\/\\\/minogou.com\\\/wp-content\\\/uploads\\\/2024\\\/04\\\/mur_peint_Paris_Rue_de_Reuilly_001.jpg\",\"contentUrl\":\"https:\\\/\\\/minogou.com\\\/wp-content\\\/uploads\\\/2024\\\/04\\\/mur_peint_Paris_Rue_de_Reuilly_001.jpg\",\"width\":649,\"height\":432,\"caption\":\"\u0152uvres monumentales\"},{\"@type\":\"BreadcrumbList\",\"@id\":\"https:\\\/\\\/minogou.com\\\/index.php\\\/oeuvres-monumentales\\\/#breadcrumb\",\"itemListElement\":[{\"@type\":\"ListItem\",\"position\":1,\"name\":\"Accueil\",\"item\":\"https:\\\/\\\/minogou.com\\\/\"},{\"@type\":\"ListItem\",\"position\":2,\"name\":\"Commandes\"}]},{\"@type\":\"WebSite\",\"@id\":\"https:\\\/\\\/minogou.com\\\/#website\",\"url\":\"https:\\\/\\\/minogou.com\\\/\",\"name\":\"MINO peintre &amp; sculpteur\",\"description\":\"\",\"potentialAction\":[{\"@type\":\"SearchAction\",\"target\":{\"@type\":\"EntryPoint\",\"urlTemplate\":\"https:\\\/\\\/minogou.com\\\/?s={search_term_string}\"},\"query-input\":{\"@type\":\"PropertyValueSpecification\",\"valueRequired\":true,\"valueName\":\"search_term_string\"}}],\"inLanguage\":\"en-US\"}]}<\/script>\n<!-- \/ Yoast SEO plugin. -->","yoast_head_json":{"title":"Commandes - MINO peintre &amp; sculpteur","robots":{"index":"index","follow":"follow","max-snippet":"max-snippet:-1","max-image-preview":"max-image-preview:large","max-video-preview":"max-video-preview:-1"},"canonical":"https:\/\/minogou.com\/index.php\/oeuvres-monumentales\/","og_locale":"en_US","og_type":"article","og_title":"Commandes - MINO peintre &amp; sculpteur","og_description":"Peinture et p\u00e2te de verre Concours ville de Paris 1988 Rue de Reuilly, Paris XII 1978-80 D\u00e9cors pour le Cirque de Paris 1985 Peintures, SAD &#8220;Style 85&#8221;, Grand Palais, Paris VIII 1985-87 11 peintures pour le restaurant &#8220;Les Lyonnais&#8221;, rue de Richelieu, Paris II 1986-92 Peintures pour la Maison de couture Jacqueline P\u00e8res, rue de&hellip;&nbsp;Commandes","og_url":"https:\/\/minogou.com\/index.php\/oeuvres-monumentales\/","og_site_name":"MINO peintre &amp; sculpteur","article_modified_time":"2024-06-15T16:06:40+00:00","og_image":[{"url":"https:\/\/minogou.com\/wp-content\/uploads\/2024\/04\/mur_peint_Paris_Rue_de_Reuilly_001.jpg","type":"","width":"","height":""}],"twitter_card":"summary_large_image","twitter_misc":{"Est. reading time":"2 minutes"},"schema":{"@context":"https:\/\/schema.org","@graph":[{"@type":"WebPage","@id":"https:\/\/minogou.com\/index.php\/oeuvres-monumentales\/","url":"https:\/\/minogou.com\/index.php\/oeuvres-monumentales\/","name":"Commandes - MINO peintre &amp; sculpteur","isPartOf":{"@id":"https:\/\/minogou.com\/#website"},"primaryImageOfPage":{"@id":"https:\/\/minogou.com\/index.php\/oeuvres-monumentales\/#primaryimage"},"image":{"@id":"https:\/\/minogou.com\/index.php\/oeuvres-monumentales\/#primaryimage"},"thumbnailUrl":"https:\/\/minogou.com\/wp-content\/uploads\/2024\/04\/mur_peint_Paris_Rue_de_Reuilly_001.jpg","datePublished":"2024-04-17T11:25:51+00:00","dateModified":"2024-06-15T16:06:40+00:00","breadcrumb":{"@id":"https:\/\/minogou.com\/index.php\/oeuvres-monumentales\/#breadcrumb"},"inLanguage":"en-US","potentialAction":[{"@type":"ReadAction","target":["https:\/\/minogou.com\/index.php\/oeuvres-monumentales\/"]}]},{"@type":"ImageObject","inLanguage":"en-US","@id":"https:\/\/minogou.com\/index.php\/oeuvres-monumentales\/#primaryimage","url":"https:\/\/minogou.com\/wp-content\/uploads\/2024\/04\/mur_peint_Paris_Rue_de_Reuilly_001.jpg","contentUrl":"https:\/\/minogou.com\/wp-content\/uploads\/2024\/04\/mur_peint_Paris_Rue_de_Reuilly_001.jpg","width":649,"height":432,"caption":"\u0152uvres monumentales"},{"@type":"BreadcrumbList","@id":"https:\/\/minogou.com\/index.php\/oeuvres-monumentales\/#breadcrumb","itemListElement":[{"@type":"ListItem","position":1,"name":"Accueil","item":"https:\/\/minogou.com\/"},{"@type":"ListItem","position":2,"name":"Commandes"}]},{"@type":"WebSite","@id":"https:\/\/minogou.com\/#website","url":"https:\/\/minogou.com\/","name":"MINO peintre &amp; sculpteur","description":"","potentialAction":[{"@type":"SearchAction","target":{"@type":"EntryPoint","urlTemplate":"https:\/\/minogou.com\/?s={search_term_string}"},"query-input":{"@type":"PropertyValueSpecification","valueRequired":true,"valueName":"search_term_string"}}],"inLanguage":"en-US"}]}},"_links":{"self":[{"href":"https:\/\/minogou.com\/index.php\/wp-json\/wp\/v2\/pages\/192","targetHints":{"allow":["GET"]}}],"collection":[{"href":"https:\/\/minogou.com\/index.php\/wp-json\/wp\/v2\/pages"}],"about":[{"href":"https:\/\/minogou.com\/index.php\/wp-json\/wp\/v2\/types\/page"}],"author":[{"embeddable":true,"href":"https:\/\/minogou.com\/index.php\/wp-json\/wp\/v2\/users\/1"}],"replies":[{"embeddable":true,"href":"https:\/\/minogou.com\/index.php\/wp-json\/wp\/v2\/comments?post=192"}],"version-history":[{"count":83,"href":"https:\/\/minogou.com\/index.php\/wp-json\/wp\/v2\/pages\/192\/revisions"}],"predecessor-version":[{"id":1615,"href":"https:\/\/minogou.com\/index.php\/wp-json\/wp\/v2\/pages\/192\/revisions\/1615"}],"wp:attachment":[{"href":"https:\/\/minogou.com\/index.php\/wp-json\/wp\/v2\/media?parent=192"}],"curies":[{"name":"wp","href":"https:\/\/api.w.org\/{rel}","templated":true}]}}