{"id":2484,"date":"2026-05-12T20:23:21","date_gmt":"2026-05-12T18:23:21","guid":{"rendered":"https:\/\/minogou.com\/?page_id=2484"},"modified":"2026-05-12T20:37:55","modified_gmt":"2026-05-12T18:37:55","slug":"mentions-legales","status":"publish","type":"page","link":"https:\/\/minogou.com\/index.php\/mentions-legales\/","title":{"rendered":"Mentions l\u00e9gales"},"content":{"rendered":"\t\t<div data-elementor-type=\"wp-page\" data-elementor-id=\"2484\" class=\"elementor elementor-2484\">\n\t\t\t\t<div class=\"elementor-element elementor-element-5f92114 e-flex e-con-boxed e-con e-parent\" data-id=\"5f92114\" data-element_type=\"container\" data-e-type=\"container\">\n\t\t\t\t\t<div class=\"e-con-inner\">\n\t\t\t\t<div class=\"elementor-element elementor-element-4e5916f elementor-widget elementor-widget-text-editor\" data-id=\"4e5916f\" data-element_type=\"widget\" data-e-type=\"widget\" data-widget_type=\"text-editor.default\">\n\t\t\t\t<div class=\"elementor-widget-container\">\n\t\t\t\t\t\t\t\t\t<h2 data-section-id=\"esyp7x\" data-start=\"20\" data-end=\"38\">\u00c9diteur du site<\/h2><p data-start=\"40\" data-end=\"221\">Le pr\u00e9sent site internet, accessible \u00e0 l\u2019adresse <a class=\"decorated-link\" href=\"https:\/\/minogou.com\/\" target=\"_new\" rel=\"noopener\" data-start=\"89\" data-end=\"147\">minogou.com<\/a>, pr\u00e9sente le travail artistique de <span class=\"hover:entity-accent entity-underline inline cursor-pointer align-baseline\"><span class=\"whitespace-normal\">Dominique Goupy<\/span><\/span>.<\/p><p data-start=\"223\" data-end=\"318\">Le site est \u00e9dit\u00e9 et administr\u00e9 par <span class=\"hover:entity-accent entity-underline inline cursor-pointer align-baseline\"><span class=\"whitespace-normal\">Matthieu Mercier<\/span><\/span>, domicili\u00e9 en France et le contenu est enti\u00e8rement r\u00e9dig\u00e9 par Dominique Goupy dit &#8220;Mino&#8221;.<\/p><p data-start=\"320\" data-end=\"367\">Directeur de la publication : Matthieu Mercier et Dominique Goupy.<\/p>\t\t\t\t\t\t\t\t<\/div>\n\t\t\t\t<\/div>\n\t\t\t\t\t<\/div>\n\t\t\t\t<\/div>\n\t\t<div class=\"elementor-element elementor-element-eff214f e-flex e-con-boxed e-con e-parent\" data-id=\"eff214f\" data-element_type=\"container\" data-e-type=\"container\">\n\t\t\t\t\t<div class=\"e-con-inner\">\n\t\t\t\t<div class=\"elementor-element elementor-element-e605bc6 elementor-widget elementor-widget-text-editor\" data-id=\"e605bc6\" data-element_type=\"widget\" data-e-type=\"widget\" data-widget_type=\"text-editor.default\">\n\t\t\t\t<div class=\"elementor-widget-container\">\n\t\t\t\t\t\t\t\t\t<h2 data-section-id=\"ztx7wh\" data-start=\"369\" data-end=\"383\">H\u00e9bergement<\/h2><p data-start=\"385\" data-end=\"470\">Le site est h\u00e9berg\u00e9 par <a class=\"decorated-link\" href=\"https:\/\/www.hostinger.com\/fr\" target=\"_new\" rel=\"noopener\" data-start=\"409\" data-end=\"469\">Hostinger<\/a>.<\/p><p data-start=\"472\" data-end=\"551\">Hostinger International Ltd.<br data-start=\"500\" data-end=\"503\" \/>61 Lordou Vironos Street<br data-start=\"527\" data-end=\"530\" \/>6023 Larnaca<br data-start=\"542\" data-end=\"545\" \/>Chypre<\/p>\t\t\t\t\t\t\t\t<\/div>\n\t\t\t\t<\/div>\n\t\t\t\t\t<\/div>\n\t\t\t\t<\/div>\n\t\t<div class=\"elementor-element elementor-element-2e36c8b e-flex e-con-boxed e-con e-parent\" data-id=\"2e36c8b\" data-element_type=\"container\" data-e-type=\"container\">\n\t\t\t\t\t<div class=\"e-con-inner\">\n\t\t\t\t<div class=\"elementor-element elementor-element-e6d8f4b elementor-widget elementor-widget-text-editor\" data-id=\"e6d8f4b\" data-element_type=\"widget\" data-e-type=\"widget\" data-widget_type=\"text-editor.default\">\n\t\t\t\t<div class=\"elementor-widget-container\">\n\t\t\t\t\t\t\t\t\t<h2 data-section-id=\"1470n9i\" data-start=\"553\" data-end=\"580\">Propri\u00e9t\u00e9 intellectuelle<\/h2><p data-start=\"582\" data-end=\"686\">L\u2019ensemble des contenus pr\u00e9sents sur le site, incluant notamment, sans que cette liste soit limitative :<\/p><ul data-start=\"688\" data-end=\"911\"><li data-section-id=\"pyw1k\" data-start=\"688\" data-end=\"713\">les \u0153uvres artistiques,<\/li><li data-section-id=\"lzpvub\" data-start=\"714\" data-end=\"726\">peintures,<\/li><li data-section-id=\"mpr40z\" data-start=\"727\" data-end=\"743\">illustrations,<\/li><li data-section-id=\"d0u4vv\" data-start=\"744\" data-end=\"760\">photographies,<\/li><li data-section-id=\"wg3zrb\" data-start=\"761\" data-end=\"771\">visuels,<\/li><li data-section-id=\"15gr21b\" data-start=\"772\" data-end=\"781\">textes,<\/li><li data-section-id=\"4q545a\" data-start=\"782\" data-end=\"804\">\u00e9l\u00e9ments graphiques,<\/li><li data-section-id=\"15yzxa4\" data-start=\"805\" data-end=\"813\">logos,<\/li><li data-section-id=\"bheebz\" data-start=\"814\" data-end=\"829\">compositions,<\/li><li data-section-id=\"1bfeut9\" data-start=\"830\" data-end=\"846\">mises en page,<\/li><li data-section-id=\"usv80q\" data-start=\"847\" data-end=\"868\">\u00e9l\u00e9ments de design,<\/li><li data-section-id=\"xn0w94\" data-start=\"869\" data-end=\"911\">ainsi que la structure g\u00e9n\u00e9rale du site,<\/li><\/ul><p data-start=\"913\" data-end=\"1054\">sont prot\u00e9g\u00e9s par les dispositions du Code de la propri\u00e9t\u00e9 intellectuelle et par les conventions internationales relatives au droit d\u2019auteur.<\/p><p data-start=\"1056\" data-end=\"1192\">Sauf mention contraire explicite, les \u0153uvres, cr\u00e9ations artistiques et contenus associ\u00e9s sont la propri\u00e9t\u00e9 exclusive de Dominique Goupy.<\/p><p data-start=\"1194\" data-end=\"1348\">Les \u00e9l\u00e9ments techniques li\u00e9s au site, \u00e0 sa conception graphique, \u00e0 son int\u00e9gration et \u00e0 son administration peuvent relever des droits de Matthieu Mercier.<\/p><p data-start=\"1350\" data-end=\"1569\">Certaines photographies ou contenus peuvent \u00eatre r\u00e9alis\u00e9s par des tiers et demeurent, le cas \u00e9ch\u00e9ant, la propri\u00e9t\u00e9 de leurs auteurs respectifs. Les cr\u00e9dits correspondants sont indiqu\u00e9s lorsqu\u2019ils sont connus ou fournis.<\/p>\t\t\t\t\t\t\t\t<\/div>\n\t\t\t\t<\/div>\n\t\t\t\t\t<\/div>\n\t\t\t\t<\/div>\n\t\t<div class=\"elementor-element elementor-element-c24da8c e-flex e-con-boxed e-con e-parent\" data-id=\"c24da8c\" data-element_type=\"container\" data-e-type=\"container\">\n\t\t\t\t\t<div class=\"e-con-inner\">\n\t\t\t\t<div class=\"elementor-element elementor-element-edcff61 elementor-widget elementor-widget-text-editor\" data-id=\"edcff61\" data-element_type=\"widget\" data-e-type=\"widget\" data-widget_type=\"text-editor.default\">\n\t\t\t\t<div class=\"elementor-widget-container\">\n\t\t\t\t\t\t\t\t\t<h2 data-section-id=\"9z6mau\" data-start=\"1571\" data-end=\"1602\">Interdiction de reproduction<\/h2><p data-start=\"1604\" data-end=\"1890\">Toute reproduction, repr\u00e9sentation, diffusion, adaptation, modification, extraction, publication ou exploitation, totale ou partielle, des contenus du site, par quelque proc\u00e9d\u00e9 que ce soit et sur quelque support que ce soit, est strictement interdite sans autorisation \u00e9crite pr\u00e9alable.<\/p><p data-start=\"1892\" data-end=\"1933\">Cette interdiction s\u2019applique notamment :<\/p><ul data-start=\"1935\" data-end=\"2188\"><li data-section-id=\"1q749kp\" data-start=\"1935\" data-end=\"1966\">aux reproductions num\u00e9riques,<\/li><li data-section-id=\"r2fn2x\" data-start=\"1967\" data-end=\"1986\">captures d\u2019\u00e9cran,<\/li><li data-section-id=\"ekfcav\" data-start=\"1987\" data-end=\"2005\">t\u00e9l\u00e9chargements,<\/li><li data-section-id=\"1tqvzks\" data-start=\"2006\" data-end=\"2020\">impressions,<\/li><li data-section-id=\"y3r0pb\" data-start=\"2021\" data-end=\"2042\">usages commerciaux,<\/li><li data-section-id=\"1owqvni\" data-start=\"2043\" data-end=\"2082\">publications sur les r\u00e9seaux sociaux,<\/li><li data-section-id=\"1jiri3t\" data-start=\"2083\" data-end=\"2128\">utilisations par intelligence artificielle,<\/li><li data-section-id=\"ondzyq\" data-start=\"2129\" data-end=\"2148\">banques d\u2019images,<\/li><li data-section-id=\"n0xsbz\" data-start=\"2149\" data-end=\"2188\">supports promotionnels ou \u00e9ditoriaux.<\/li><\/ul><p data-start=\"2190\" data-end=\"2418\">Toute utilisation non autoris\u00e9e des \u0153uvres de Dominique Goupy ou des contenus du site pourra faire l\u2019objet de poursuites civiles et\/ou p\u00e9nales conform\u00e9ment aux articles L.335-2 et suivants du Code de la propri\u00e9t\u00e9 intellectuelle.<\/p>\t\t\t\t\t\t\t\t<\/div>\n\t\t\t\t<\/div>\n\t\t\t\t\t<\/div>\n\t\t\t\t<\/div>\n\t\t<div class=\"elementor-element elementor-element-4d992a0 e-flex e-con-boxed e-con e-parent\" data-id=\"4d992a0\" data-element_type=\"container\" data-e-type=\"container\">\n\t\t\t\t\t<div class=\"e-con-inner\">\n\t\t\t\t<div class=\"elementor-element elementor-element-367648a elementor-widget elementor-widget-text-editor\" data-id=\"367648a\" data-element_type=\"widget\" data-e-type=\"widget\" data-widget_type=\"text-editor.default\">\n\t\t\t\t<div class=\"elementor-widget-container\">\n\t\t\t\t\t\t\t\t\t<h2 data-section-id=\"pziwhd\" data-start=\"2420\" data-end=\"2437\">Responsabilit\u00e9<\/h2><p data-start=\"2439\" data-end=\"2661\">L\u2019\u00e9diteur du site s\u2019efforce de fournir des informations aussi pr\u00e9cises et \u00e0 jour que possible. Toutefois, aucune garantie n\u2019est apport\u00e9e quant \u00e0 l\u2019exactitude, la compl\u00e9tude ou l\u2019actualit\u00e9 des contenus diffus\u00e9s sur le site.<\/p><p data-start=\"2663\" data-end=\"2773\">L\u2019utilisation des informations pr\u00e9sentes sur le site s\u2019effectue sous la seule responsabilit\u00e9 de l\u2019utilisateur.<\/p><p data-start=\"2775\" data-end=\"2818\">L\u2019\u00e9diteur ne pourra \u00eatre tenu responsable :<\/p><ul data-start=\"2820\" data-end=\"2989\"><li data-section-id=\"b2wok9\" data-start=\"2820\" data-end=\"2858\">d\u2019\u00e9ventuelles interruptions du site,<\/li><li data-section-id=\"f12512\" data-start=\"2859\" data-end=\"2894\">de dysfonctionnements techniques,<\/li><li data-section-id=\"16kavhj\" data-start=\"2895\" data-end=\"2920\">d\u2019erreurs ou omissions,<\/li><li data-section-id=\"13judiq\" data-start=\"2921\" data-end=\"2989\">ou de tout dommage direct ou indirect li\u00e9 \u00e0 l\u2019utilisation du site.<\/li><\/ul><h2 data-section-id=\"mt94ny\" data-start=\"2991\" data-end=\"3008\">\u00a0<\/h2><h2 data-section-id=\"mt94ny\" data-start=\"2991\" data-end=\"3008\">Liens externes<\/h2><p data-start=\"3010\" data-end=\"3173\">Le site peut contenir des liens vers des sites tiers. L\u2019\u00e9diteur ne saurait \u00eatre tenu responsable du contenu, des politiques ou des pratiques de ces sites externes.<\/p><h2 data-section-id=\"1ogd3a1\" data-start=\"3175\" data-end=\"3198\">Donn\u00e9es personnelles<\/h2><p data-start=\"3200\" data-end=\"3340\">Le site a une vocation exclusivement vitrine et ne collecte pas volontairement de donn\u00e9es personnelles \u00e0 des fins commerciales ou marketing.<\/p><p data-start=\"3342\" data-end=\"3448\">Aucun espace de cr\u00e9ation de compte, newsletter ou syst\u00e8me de collecte marketing n\u2019est propos\u00e9 via le site.<\/p><p data-start=\"3450\" data-end=\"3663\">Des donn\u00e9es techniques minimales peuvent n\u00e9anmoins \u00eatre temporairement trait\u00e9es par l\u2019h\u00e9bergeur afin d\u2019assurer le bon fonctionnement et la s\u00e9curit\u00e9 du site (logs serveur, protection r\u00e9seau, maintenance technique).<\/p><h2 data-section-id=\"9xnhyq\" data-start=\"3665\" data-end=\"3675\">Cookies<\/h2><p data-start=\"3677\" data-end=\"3757\">Le site n\u2019utilise pas de cookies publicitaires ou de suivi \u00e0 des fins marketing.<\/p><p data-start=\"3759\" data-end=\"3931\">Certains cookies techniques indispensables au fonctionnement du site ou li\u00e9s \u00e0 l\u2019h\u00e9bergement peuvent toutefois \u00eatre utilis\u00e9s automatiquement par l\u2019infrastructure technique.<\/p><h2 data-section-id=\"hzxkgc\" data-start=\"3933\" data-end=\"3952\">Droit applicable<\/h2><p data-start=\"3954\" data-end=\"4019\">Les pr\u00e9sentes mentions l\u00e9gales sont r\u00e9gies par le droit fran\u00e7ais.<\/p><p data-start=\"4021\" data-end=\"4127\" data-is-last-node=\"\" data-is-only-node=\"\">En cas de litige et \u00e0 d\u00e9faut de r\u00e9solution amiable, les juridictions fran\u00e7aises seront seules comp\u00e9tentes.<\/p>\t\t\t\t\t\t\t\t<\/div>\n\t\t\t\t<\/div>\n\t\t\t\t\t<\/div>\n\t\t\t\t<\/div>\n\t\t\t\t<\/div>\n\t\t","protected":false},"excerpt":{"rendered":"<p>\u00c9diteur du site Le pr\u00e9sent site internet, accessible \u00e0 l\u2019adresse minogou.com, pr\u00e9sente le travail artistique de Dominique Goupy. Le site est \u00e9dit\u00e9 et administr\u00e9 par Matthieu Mercier, domicili\u00e9 en France et le contenu est enti\u00e8rement r\u00e9dig\u00e9 par Dominique Goupy dit &#8220;Mino&#8221;. Directeur de la publication : Matthieu Mercier et Dominique Goupy. H\u00e9bergement Le site est&hellip;&nbsp;<a href=\"https:\/\/minogou.com\/index.php\/mentions-legales\/\" rel=\"bookmark\"><span class=\"screen-reader-text\">Mentions l\u00e9gales<\/span><\/a><\/p>\n","protected":false},"author":1,"featured_media":0,"parent":0,"menu_order":0,"comment_status":"closed","ping_status":"closed","template":"page-templates\/template-pagebuilder-full-width.php","meta":{"neve_meta_sidebar":"","neve_meta_container":"","neve_meta_enable_content_width":"","neve_meta_content_width":0,"neve_meta_title_alignment":"","neve_meta_author_avatar":"","neve_post_elements_order":"","neve_meta_disable_header":"","neve_meta_disable_footer":"","neve_meta_disable_title":"","footnotes":""},"class_list":["post-2484","page","type-page","status-publish","hentry"],"yoast_head":"<!-- This site is optimized with the Yoast SEO plugin v27.6 - https:\/\/yoast.com\/product\/yoast-seo-wordpress\/ -->\n<title>Mentions l\u00e9gales - MINO peintre &amp; sculpteur<\/title>\n<meta name=\"robots\" content=\"index, follow, max-snippet:-1, max-image-preview:large, max-video-preview:-1\" \/>\n<link rel=\"canonical\" href=\"https:\/\/minogou.com\/index.php\/mentions-legales\/\" \/>\n<meta property=\"og:locale\" content=\"en_US\" \/>\n<meta property=\"og:type\" content=\"article\" \/>\n<meta property=\"og:title\" content=\"Mentions l\u00e9gales - MINO peintre &amp; sculpteur\" \/>\n<meta property=\"og:description\" content=\"\u00c9diteur du site Le pr\u00e9sent site internet, accessible \u00e0 l\u2019adresse minogou.com, pr\u00e9sente le travail artistique de Dominique Goupy. Le site est \u00e9dit\u00e9 et administr\u00e9 par Matthieu Mercier, domicili\u00e9 en France et le contenu est enti\u00e8rement r\u00e9dig\u00e9 par Dominique Goupy dit &#8220;Mino&#8221;. Directeur de la publication : Matthieu Mercier et Dominique Goupy. H\u00e9bergement Le site est&hellip;&nbsp;Mentions l\u00e9gales\" \/>\n<meta property=\"og:url\" content=\"https:\/\/minogou.com\/index.php\/mentions-legales\/\" \/>\n<meta property=\"og:site_name\" content=\"MINO peintre &amp; sculpteur\" \/>\n<meta property=\"article:modified_time\" content=\"2026-05-12T18:37:55+00:00\" \/>\n<meta name=\"twitter:card\" content=\"summary_large_image\" \/>\n<meta name=\"twitter:label1\" content=\"Est. reading time\" \/>\n\t<meta name=\"twitter:data1\" content=\"3 minutes\" \/>\n<script type=\"application\/ld+json\" class=\"yoast-schema-graph\">{\"@context\":\"https:\\\/\\\/schema.org\",\"@graph\":[{\"@type\":\"WebPage\",\"@id\":\"https:\\\/\\\/minogou.com\\\/index.php\\\/mentions-legales\\\/\",\"url\":\"https:\\\/\\\/minogou.com\\\/index.php\\\/mentions-legales\\\/\",\"name\":\"Mentions l\u00e9gales - MINO peintre &amp; sculpteur\",\"isPartOf\":{\"@id\":\"https:\\\/\\\/minogou.com\\\/#website\"},\"datePublished\":\"2026-05-12T18:23:21+00:00\",\"dateModified\":\"2026-05-12T18:37:55+00:00\",\"breadcrumb\":{\"@id\":\"https:\\\/\\\/minogou.com\\\/index.php\\\/mentions-legales\\\/#breadcrumb\"},\"inLanguage\":\"en-US\",\"potentialAction\":[{\"@type\":\"ReadAction\",\"target\":[\"https:\\\/\\\/minogou.com\\\/index.php\\\/mentions-legales\\\/\"]}]},{\"@type\":\"BreadcrumbList\",\"@id\":\"https:\\\/\\\/minogou.com\\\/index.php\\\/mentions-legales\\\/#breadcrumb\",\"itemListElement\":[{\"@type\":\"ListItem\",\"position\":1,\"name\":\"Accueil\",\"item\":\"https:\\\/\\\/minogou.com\\\/\"},{\"@type\":\"ListItem\",\"position\":2,\"name\":\"Mentions l\u00e9gales\"}]},{\"@type\":\"WebSite\",\"@id\":\"https:\\\/\\\/minogou.com\\\/#website\",\"url\":\"https:\\\/\\\/minogou.com\\\/\",\"name\":\"MINO peintre &amp; sculpteur\",\"description\":\"\",\"potentialAction\":[{\"@type\":\"SearchAction\",\"target\":{\"@type\":\"EntryPoint\",\"urlTemplate\":\"https:\\\/\\\/minogou.com\\\/?s={search_term_string}\"},\"query-input\":{\"@type\":\"PropertyValueSpecification\",\"valueRequired\":true,\"valueName\":\"search_term_string\"}}],\"inLanguage\":\"en-US\"}]}<\/script>\n<!-- \/ Yoast SEO plugin. -->","yoast_head_json":{"title":"Mentions l\u00e9gales - MINO peintre &amp; sculpteur","robots":{"index":"index","follow":"follow","max-snippet":"max-snippet:-1","max-image-preview":"max-image-preview:large","max-video-preview":"max-video-preview:-1"},"canonical":"https:\/\/minogou.com\/index.php\/mentions-legales\/","og_locale":"en_US","og_type":"article","og_title":"Mentions l\u00e9gales - MINO peintre &amp; sculpteur","og_description":"\u00c9diteur du site Le pr\u00e9sent site internet, accessible \u00e0 l\u2019adresse minogou.com, pr\u00e9sente le travail artistique de Dominique Goupy. Le site est \u00e9dit\u00e9 et administr\u00e9 par Matthieu Mercier, domicili\u00e9 en France et le contenu est enti\u00e8rement r\u00e9dig\u00e9 par Dominique Goupy dit &#8220;Mino&#8221;. Directeur de la publication : Matthieu Mercier et Dominique Goupy. H\u00e9bergement Le site est&hellip;&nbsp;Mentions l\u00e9gales","og_url":"https:\/\/minogou.com\/index.php\/mentions-legales\/","og_site_name":"MINO peintre &amp; sculpteur","article_modified_time":"2026-05-12T18:37:55+00:00","twitter_card":"summary_large_image","twitter_misc":{"Est. reading time":"3 minutes"},"schema":{"@context":"https:\/\/schema.org","@graph":[{"@type":"WebPage","@id":"https:\/\/minogou.com\/index.php\/mentions-legales\/","url":"https:\/\/minogou.com\/index.php\/mentions-legales\/","name":"Mentions l\u00e9gales - MINO peintre &amp; sculpteur","isPartOf":{"@id":"https:\/\/minogou.com\/#website"},"datePublished":"2026-05-12T18:23:21+00:00","dateModified":"2026-05-12T18:37:55+00:00","breadcrumb":{"@id":"https:\/\/minogou.com\/index.php\/mentions-legales\/#breadcrumb"},"inLanguage":"en-US","potentialAction":[{"@type":"ReadAction","target":["https:\/\/minogou.com\/index.php\/mentions-legales\/"]}]},{"@type":"BreadcrumbList","@id":"https:\/\/minogou.com\/index.php\/mentions-legales\/#breadcrumb","itemListElement":[{"@type":"ListItem","position":1,"name":"Accueil","item":"https:\/\/minogou.com\/"},{"@type":"ListItem","position":2,"name":"Mentions l\u00e9gales"}]},{"@type":"WebSite","@id":"https:\/\/minogou.com\/#website","url":"https:\/\/minogou.com\/","name":"MINO peintre &amp; sculpteur","description":"","potentialAction":[{"@type":"SearchAction","target":{"@type":"EntryPoint","urlTemplate":"https:\/\/minogou.com\/?s={search_term_string}"},"query-input":{"@type":"PropertyValueSpecification","valueRequired":true,"valueName":"search_term_string"}}],"inLanguage":"en-US"}]}},"_links":{"self":[{"href":"https:\/\/minogou.com\/index.php\/wp-json\/wp\/v2\/pages\/2484","targetHints":{"allow":["GET"]}}],"collection":[{"href":"https:\/\/minogou.com\/index.php\/wp-json\/wp\/v2\/pages"}],"about":[{"href":"https:\/\/minogou.com\/index.php\/wp-json\/wp\/v2\/types\/page"}],"author":[{"embeddable":true,"href":"https:\/\/minogou.com\/index.php\/wp-json\/wp\/v2\/users\/1"}],"replies":[{"embeddable":true,"href":"https:\/\/minogou.com\/index.php\/wp-json\/wp\/v2\/comments?post=2484"}],"version-history":[{"count":7,"href":"https:\/\/minogou.com\/index.php\/wp-json\/wp\/v2\/pages\/2484\/revisions"}],"predecessor-version":[{"id":2493,"href":"https:\/\/minogou.com\/index.php\/wp-json\/wp\/v2\/pages\/2484\/revisions\/2493"}],"wp:attachment":[{"href":"https:\/\/minogou.com\/index.php\/wp-json\/wp\/v2\/media?parent=2484"}],"curies":[{"name":"wp","href":"https:\/\/api.w.org\/{rel}","templated":true}]}}